{"id":1070,"date":"2015-01-02T15:46:17","date_gmt":"2015-01-02T14:46:17","guid":{"rendered":"http:\/\/www.entrelemanetjura.ch\/BLOG_WP_351\/?page_id=1070"},"modified":"2020-12-30T18:06:50","modified_gmt":"2020-12-30T17:06:50","slug":"contact","status":"publish","type":"page","link":"https:\/\/www.entrelemanetjura.ch\/BLOG_WP_351\/contact\/","title":{"rendered":"Contact et commentaires"},"content":{"rendered":"<p><span style=\"text-decoration: underline;\"><strong>Contact: <\/strong><\/span>adresse de courriel\u00a0<strong>info@entrelemanetjura.ch<\/strong><\/p>\n<p style=\"text-align: justify;\"><strong><span style=\"text-decoration: underline;\">Commentaires<\/span><span style=\"text-decoration: underline;\">:<\/span> indiquer le titre et la date de l&rsquo;article comment\u00e9, puis votre texte &#8211; envoyer le tout \u00e0 l&rsquo;\u00e9diteur en utilisant votre courriel, par l&rsquo;adresse de contact. <\/strong>L&rsquo;\u00e9diteur va se charger de publier votre commentaire (s&rsquo;il est acceptable !) \u00e0 bref d\u00e9lai.<\/p>\n<p style=\"text-align: justify;\"><span style=\"text-decoration: underline;\"><strong>Politique de confidentialit\u00e9<\/strong><\/span> Votre adresse de courriel ne sera publi\u00e9e, ainsi que vos coordonn\u00e9es, que selon vos indications; \u00e0 d\u00e9faut d&rsquo;instructions de votre part, elles ne feront PAS partie de la publication d&rsquo;un commentaire.<\/p>\n<p style=\"text-align: right;\"><strong>L&rsquo;\u00e9diteur, 2.1.2015; r\u00e9v. 27.9.2020, 27.12.2020<\/strong><\/p>\n","protected":false},"excerpt":{"rendered":"<p>Contact: adresse de courriel\u00a0info@entrelemanetjura.ch Commentaires: indiquer le titre et la date de l&rsquo;article comment\u00e9, puis votre texte &#8211; envoyer le tout \u00e0 l&rsquo;\u00e9diteur en utilisant votre courriel, par l&rsquo;adresse de contact. L&rsquo;\u00e9diteur va se charger de publier votre commentaire (s&rsquo;il &hellip; <a href=\"https:\/\/www.entrelemanetjura.ch\/BLOG_WP_351\/contact\/\">Continuer la lecture <span class=\"meta-nav\">&rarr;<\/span><\/a><\/p>\n","protected":false},"author":1,"featured_media":0,"parent":0,"menu_order":0,"comment_status":"closed","ping_status":"open","template":"","meta":{"footnotes":""},"class_list":["post-1070","page","type-page","status-publish","hentry"],"_links":{"self":[{"href":"https:\/\/www.entrelemanetjura.ch\/BLOG_WP_351\/wp-json\/wp\/v2\/pages\/1070","targetHints":{"allow":["GET"]}}],"collection":[{"href":"https:\/\/www.entrelemanetjura.ch\/BLOG_WP_351\/wp-json\/wp\/v2\/pages"}],"about":[{"href":"https:\/\/www.entrelemanetjura.ch\/BLOG_WP_351\/wp-json\/wp\/v2\/types\/page"}],"author":[{"embeddable":true,"href":"https:\/\/www.entrelemanetjura.ch\/BLOG_WP_351\/wp-json\/wp\/v2\/users\/1"}],"replies":[{"embeddable":true,"href":"https:\/\/www.entrelemanetjura.ch\/BLOG_WP_351\/wp-json\/wp\/v2\/comments?post=1070"}],"version-history":[{"count":16,"href":"https:\/\/www.entrelemanetjura.ch\/BLOG_WP_351\/wp-json\/wp\/v2\/pages\/1070\/revisions"}],"predecessor-version":[{"id":2548,"href":"https:\/\/www.entrelemanetjura.ch\/BLOG_WP_351\/wp-json\/wp\/v2\/pages\/1070\/revisions\/2548"}],"wp:attachment":[{"href":"https:\/\/www.entrelemanetjura.ch\/BLOG_WP_351\/wp-json\/wp\/v2\/media?parent=1070"}],"curies":[{"name":"wp","href":"https:\/\/api.w.org\/{rel}","templated":true}]}}